{"id":3948,"date":"2023-09-25T06:15:47","date_gmt":"2023-09-25T06:15:47","guid":{"rendered":"https:\/\/asaspa.ee\/?page_id=3948"},"modified":"2026-03-04T13:41:15","modified_gmt":"2026-03-04T13:41:15","slug":"laste-sunnipaevad","status":"publish","type":"page","link":"https:\/\/asaspa.ee\/en\/laste-sunnipaevad\/","title":{"rendered":"Laste s\u00fcnnip\u00e4evad"},"content":{"rendered":"\n<div class=\"wp-block-cover alignfull is-light\"><img loading=\"lazy\" decoding=\"async\" width=\"2560\" height=\"1707\" class=\"wp-block-cover__image-background wp-image-1015\" alt=\"\" src=\"https:\/\/asaspa.ee\/wp-content\/uploads\/2021\/10\/spaa0429-scaled.jpg\" style=\"object-position:40% 41%\" data-object-fit=\"cover\" data-object-position=\"40% 41%\" srcset=\"https:\/\/asaspa.ee\/wp-content\/uploads\/2021\/10\/spaa0429-scaled.jpg 2560w, https:\/\/asaspa.ee\/wp-content\/uploads\/2021\/10\/spaa0429-300x200.jpg 300w, https:\/\/asaspa.ee\/wp-content\/uploads\/2021\/10\/spaa0429-1024x683.jpg 1024w, https:\/\/asaspa.ee\/wp-content\/uploads\/2021\/10\/spaa0429-768x512.jpg 768w, https:\/\/asaspa.ee\/wp-content\/uploads\/2021\/10\/spaa0429-1536x1024.jpg 1536w, https:\/\/asaspa.ee\/wp-content\/uploads\/2021\/10\/spaa0429-2048x1366.jpg 2048w, https:\/\/asaspa.ee\/wp-content\/uploads\/2021\/10\/spaa0429-1568x1045.jpg 1568w\" sizes=\"auto, (max-width: 2560px) 100vw, 2560px\" \/><span aria-hidden=\"true\" class=\"wp-block-cover__background has-background-dim-20 has-background-dim\"><\/span><div class=\"wp-block-cover__inner-container is-layout-flow wp-block-cover-is-layout-flow\">\n<h1 class=\"wp-block-heading has-text-align-center has-white-color has-text-color\" style=\"font-size:38px\">Laste s\u00fcnnip\u00e4evad Asa Spa Hotellis<\/h1>\n\n\n\n<p class=\"has-text-align-center has-white-color has-text-color\">Tule ja pea meie juures oma lapse meeldej\u00e4\u00e4v s\u00fcnnip\u00e4ev.<\/p>\n<\/div><\/div>\n\n\n\n<figure class=\"wp-block-pullquote is-style-default has-border-color has-text-color\" style=\"border-color:#94b2c7;color:#94b2c7\"><blockquote><p>Asa Spa Hotell pakub vahvaid v\u00f5imalusi pidada laste s\u00fcnnip\u00e4evi. <\/p><\/blockquote><\/figure>\n\n\n\n<div style=\"height:20px\" aria-hidden=\"true\" class=\"wp-block-spacer\"><\/div>\n\n\n\n<div class=\"wp-block-columns alignwide is-layout-flex wp-container-core-columns-is-layout-9d6595d7 wp-block-columns-is-layout-flex\">\n<div class=\"wp-block-column is-layout-flow wp-block-column-is-layout-flow\" style=\"flex-basis:20%\">\n<h2 class=\"wp-block-heading\">Info ja broneerimine<\/h2>\n\n\n\n<p>+372 452 2120<br><a href=\"mailto:sales@asaspa.ee\">sales@asaspa.ee<\/a><\/p>\n\n\n\n<div class=\"wp-block-buttons is-horizontal is-content-justification-left is-layout-flex wp-container-core-buttons-is-layout-7e5fce0a wp-block-buttons-is-layout-flex\"><\/div>\n<\/div>\n\n\n\n<div class=\"wp-block-column is-layout-flow wp-block-column-is-layout-flow\" style=\"flex-basis:40%\">\n<h2 class=\"wp-block-heading\">Veekeskuse s\u00fcnnip\u00e4ev<\/h2>\n\n\n\n<p>Korralda oma lapsele vahva s\u00fcnnip\u00e4ev Asa Spa Hotelli veekeskuses. Lapsed saavad m\u00f6llata basseinides, lasta pikki liuge liutorus ja n\u00e4ksida maitsvaid sn\u00e4kke spaabaari osas. <\/p>\n\n\n\n<ul class=\"wp-block-list\">\n<li>S\u00fcnnip\u00e4evalistele kehtib 10% soodustus <a href=\"https:\/\/asaspa.ee\/bassein-saunad-jousaal\/\">piletihindadele<\/a> (soodustus kehtib alates k\u00fcmnest k\u00fclalisest!)<\/li>\n\n\n\n<li>Peolauamen\u00fc\u00fc leiad <a href=\"https:\/\/asaspa.ee\/wp-content\/uploads\/2026\/03\/Veekeskuse-peolauamenuu-2026.pdf\">siit<\/a><\/li>\n\n\n\n<li>Kui peolaud on ette tellitud, siis v\u00f5ib kaasa v\u00f5tta oma tordi v\u00f5i kringli<\/li>\n\n\n\n<li>Ajalist piirangut ei ole!<\/li>\n<\/ul>\n<\/div>\n\n\n\n<div class=\"wp-block-column is-layout-flow wp-block-column-is-layout-flow\" style=\"flex-basis:40%\">\n<figure class=\"wp-block-gallery has-nested-images columns-default is-cropped wp-block-gallery-1 is-layout-flex wp-block-gallery-is-layout-flex\">\n<figure class=\"wp-block-image size-large\"><img loading=\"lazy\" decoding=\"async\" width=\"1707\" height=\"2560\" data-id=\"3339\" src=\"https:\/\/asaspa.ee\/wp-content\/uploads\/2022\/10\/Asa-Spa-Hotel-Veekeskus-15-scaled.jpg\" alt=\"\" class=\"wp-image-3339\" srcset=\"https:\/\/asaspa.ee\/wp-content\/uploads\/2022\/10\/Asa-Spa-Hotel-Veekeskus-15-scaled.jpg 1707w, https:\/\/asaspa.ee\/wp-content\/uploads\/2022\/10\/Asa-Spa-Hotel-Veekeskus-15-200x300.jpg 200w, https:\/\/asaspa.ee\/wp-content\/uploads\/2022\/10\/Asa-Spa-Hotel-Veekeskus-15-683x1024.jpg 683w, https:\/\/asaspa.ee\/wp-content\/uploads\/2022\/10\/Asa-Spa-Hotel-Veekeskus-15-768x1152.jpg 768w, https:\/\/asaspa.ee\/wp-content\/uploads\/2022\/10\/Asa-Spa-Hotel-Veekeskus-15-1024x1536.jpg 1024w, https:\/\/asaspa.ee\/wp-content\/uploads\/2022\/10\/Asa-Spa-Hotel-Veekeskus-15-1365x2048.jpg 1365w, https:\/\/asaspa.ee\/wp-content\/uploads\/2022\/10\/Asa-Spa-Hotel-Veekeskus-15-1568x2352.jpg 1568w\" sizes=\"auto, (max-width: 1707px) 100vw, 1707px\" \/><\/figure>\n\n\n\n<figure class=\"wp-block-image size-large\"><img loading=\"lazy\" decoding=\"async\" width=\"2560\" height=\"1707\" data-id=\"3282\" src=\"https:\/\/asaspa.ee\/wp-content\/uploads\/2022\/09\/ASA-SPA-KURESSAARE-WATER-CENTRE-4-scaled.jpg\" alt=\"\" class=\"wp-image-3282\" srcset=\"https:\/\/asaspa.ee\/wp-content\/uploads\/2022\/09\/ASA-SPA-KURESSAARE-WATER-CENTRE-4-scaled.jpg 2560w, https:\/\/asaspa.ee\/wp-content\/uploads\/2022\/09\/ASA-SPA-KURESSAARE-WATER-CENTRE-4-300x200.jpg 300w, https:\/\/asaspa.ee\/wp-content\/uploads\/2022\/09\/ASA-SPA-KURESSAARE-WATER-CENTRE-4-1024x683.jpg 1024w, https:\/\/asaspa.ee\/wp-content\/uploads\/2022\/09\/ASA-SPA-KURESSAARE-WATER-CENTRE-4-768x512.jpg 768w, https:\/\/asaspa.ee\/wp-content\/uploads\/2022\/09\/ASA-SPA-KURESSAARE-WATER-CENTRE-4-1536x1024.jpg 1536w, https:\/\/asaspa.ee\/wp-content\/uploads\/2022\/09\/ASA-SPA-KURESSAARE-WATER-CENTRE-4-2048x1365.jpg 2048w, https:\/\/asaspa.ee\/wp-content\/uploads\/2022\/09\/ASA-SPA-KURESSAARE-WATER-CENTRE-4-1568x1045.jpg 1568w\" sizes=\"auto, (max-width: 2560px) 100vw, 2560px\" \/><\/figure>\n\n\n\n<figure class=\"wp-block-image size-large\"><img loading=\"lazy\" decoding=\"async\" width=\"2560\" height=\"1707\" data-id=\"3323\" src=\"https:\/\/asaspa.ee\/wp-content\/uploads\/2022\/10\/Asa-Spa-Hotel-Veekeskus-11-scaled.jpg\" alt=\"\" class=\"wp-image-3323\" srcset=\"https:\/\/asaspa.ee\/wp-content\/uploads\/2022\/10\/Asa-Spa-Hotel-Veekeskus-11-scaled.jpg 2560w, https:\/\/asaspa.ee\/wp-content\/uploads\/2022\/10\/Asa-Spa-Hotel-Veekeskus-11-300x200.jpg 300w, https:\/\/asaspa.ee\/wp-content\/uploads\/2022\/10\/Asa-Spa-Hotel-Veekeskus-11-1024x683.jpg 1024w, https:\/\/asaspa.ee\/wp-content\/uploads\/2022\/10\/Asa-Spa-Hotel-Veekeskus-11-768x512.jpg 768w, https:\/\/asaspa.ee\/wp-content\/uploads\/2022\/10\/Asa-Spa-Hotel-Veekeskus-11-1536x1024.jpg 1536w, https:\/\/asaspa.ee\/wp-content\/uploads\/2022\/10\/Asa-Spa-Hotel-Veekeskus-11-2048x1365.jpg 2048w, https:\/\/asaspa.ee\/wp-content\/uploads\/2022\/10\/Asa-Spa-Hotel-Veekeskus-11-1568x1045.jpg 1568w\" sizes=\"auto, (max-width: 2560px) 100vw, 2560px\" \/><\/figure>\n\n\n\n<figure class=\"wp-block-image size-large\"><img loading=\"lazy\" decoding=\"async\" width=\"2560\" height=\"1707\" data-id=\"1007\" src=\"https:\/\/asaspa.ee\/wp-content\/uploads\/2021\/10\/spaa0377-scaled.jpg\" alt=\"\" class=\"wp-image-1007\" srcset=\"https:\/\/asaspa.ee\/wp-content\/uploads\/2021\/10\/spaa0377-scaled.jpg 2560w, https:\/\/asaspa.ee\/wp-content\/uploads\/2021\/10\/spaa0377-300x200.jpg 300w, https:\/\/asaspa.ee\/wp-content\/uploads\/2021\/10\/spaa0377-1024x683.jpg 1024w, https:\/\/asaspa.ee\/wp-content\/uploads\/2021\/10\/spaa0377-768x512.jpg 768w, https:\/\/asaspa.ee\/wp-content\/uploads\/2021\/10\/spaa0377-1536x1024.jpg 1536w, https:\/\/asaspa.ee\/wp-content\/uploads\/2021\/10\/spaa0377-2048x1366.jpg 2048w, https:\/\/asaspa.ee\/wp-content\/uploads\/2021\/10\/spaa0377-1568x1045.jpg 1568w\" sizes=\"auto, (max-width: 2560px) 100vw, 2560px\" \/><\/figure>\n\n\n\n<figure class=\"wp-block-image size-large\"><img loading=\"lazy\" decoding=\"async\" width=\"2560\" height=\"1440\" data-id=\"3315\" src=\"https:\/\/asaspa.ee\/wp-content\/uploads\/2022\/10\/Asa-Spa-Hotel-Veekeskus-9-scaled.jpg\" alt=\"\" class=\"wp-image-3315\" srcset=\"https:\/\/asaspa.ee\/wp-content\/uploads\/2022\/10\/Asa-Spa-Hotel-Veekeskus-9-scaled.jpg 2560w, https:\/\/asaspa.ee\/wp-content\/uploads\/2022\/10\/Asa-Spa-Hotel-Veekeskus-9-300x169.jpg 300w, https:\/\/asaspa.ee\/wp-content\/uploads\/2022\/10\/Asa-Spa-Hotel-Veekeskus-9-1024x576.jpg 1024w, https:\/\/asaspa.ee\/wp-content\/uploads\/2022\/10\/Asa-Spa-Hotel-Veekeskus-9-768x432.jpg 768w, https:\/\/asaspa.ee\/wp-content\/uploads\/2022\/10\/Asa-Spa-Hotel-Veekeskus-9-1536x864.jpg 1536w, https:\/\/asaspa.ee\/wp-content\/uploads\/2022\/10\/Asa-Spa-Hotel-Veekeskus-9-2048x1152.jpg 2048w, https:\/\/asaspa.ee\/wp-content\/uploads\/2022\/10\/Asa-Spa-Hotel-Veekeskus-9-1568x882.jpg 1568w\" sizes=\"auto, (max-width: 2560px) 100vw, 2560px\" \/><\/figure>\n\n\n\n<figure class=\"wp-block-image size-large\"><img loading=\"lazy\" decoding=\"async\" width=\"2560\" height=\"1707\" data-id=\"1015\" src=\"https:\/\/asaspa.ee\/wp-content\/uploads\/2021\/10\/spaa0429-scaled.jpg\" alt=\"\" class=\"wp-image-1015\" srcset=\"https:\/\/asaspa.ee\/wp-content\/uploads\/2021\/10\/spaa0429-scaled.jpg 2560w, https:\/\/asaspa.ee\/wp-content\/uploads\/2021\/10\/spaa0429-300x200.jpg 300w, https:\/\/asaspa.ee\/wp-content\/uploads\/2021\/10\/spaa0429-1024x683.jpg 1024w, https:\/\/asaspa.ee\/wp-content\/uploads\/2021\/10\/spaa0429-768x512.jpg 768w, https:\/\/asaspa.ee\/wp-content\/uploads\/2021\/10\/spaa0429-1536x1024.jpg 1536w, https:\/\/asaspa.ee\/wp-content\/uploads\/2021\/10\/spaa0429-2048x1366.jpg 2048w, https:\/\/asaspa.ee\/wp-content\/uploads\/2021\/10\/spaa0429-1568x1045.jpg 1568w\" sizes=\"auto, (max-width: 2560px) 100vw, 2560px\" \/><\/figure>\n<\/figure>\n<\/div>\n<\/div>\n\n\n\n<div class=\"wp-block-columns alignwide is-layout-flex wp-container-core-columns-is-layout-9d6595d7 wp-block-columns-is-layout-flex\">\n<div class=\"wp-block-column is-layout-flow wp-block-column-is-layout-flow\" style=\"flex-basis:20%\"><\/div>\n<\/div>\n\n\n\n<div class=\"wp-block-columns alignwide is-layout-flex wp-container-core-columns-is-layout-9d6595d7 wp-block-columns-is-layout-flex\">\n<div class=\"wp-block-column is-layout-flow wp-block-column-is-layout-flow\" style=\"flex-basis:20%\"><\/div>\n\n\n\n<div class=\"wp-block-column is-layout-flow wp-block-column-is-layout-flow\" style=\"flex-basis:40%\">\n<h2 class=\"wp-block-heading\">Laste s\u00fcnnip\u00e4evad Sabba\u00b2 saalis<\/h2>\n\n\n\n<p>V\u00f5imalus ka rentida suurt saali oma lapse s\u00fcnnip\u00e4evaks ja korraldada p\u00f5nev pidu vastavalt oma soovidele, kutsu peojuht v\u00f5i pane ise kokku vahva programm. <\/p>\n\n\n\n<ul class=\"wp-block-list\">\n<li>Saali rent alates 60\u20ac\/tund (min. 2 tundi) <\/li>\n\n\n\n<li>Saalis olemas projektor, ekraan ja helitehnika<\/li>\n\n\n\n<li>Peolauamen\u00fc\u00fc leiad <a href=\"https:\/\/asaspa.ee\/wp-content\/uploads\/2026\/03\/Veekeskuse-peolauamenuu-2026.pdf\">siit<\/a><\/li>\n\n\n\n<li>K\u00fclaline v\u00f5ib kaasa v\u00f5tta oma tordi v\u00f5i kringli<\/li>\n<\/ul>\n\n\n\n<p><\/p>\n<\/div>\n\n\n\n<div class=\"wp-block-column is-layout-flow wp-block-column-is-layout-flow\" style=\"flex-basis:40%\">\n<div class=\"wp-block-group is-layout-flow wp-block-group-is-layout-flow\">\n<div class=\"wp-block-group is-layout-flow wp-block-group-is-layout-flow\">\n<figure class=\"wp-block-gallery has-nested-images columns-default is-cropped wp-block-gallery-2 is-layout-flex wp-block-gallery-is-layout-flex\">\n<figure class=\"wp-block-image size-large\"><img loading=\"lazy\" decoding=\"async\" width=\"2560\" height=\"1290\" data-id=\"3969\" src=\"https:\/\/asaspa.ee\/wp-content\/uploads\/2023\/09\/Asa-spa-batuut-3-scaled.jpg\" alt=\"\" class=\"wp-image-3969\" srcset=\"https:\/\/asaspa.ee\/wp-content\/uploads\/2023\/09\/Asa-spa-batuut-3-scaled.jpg 2560w, https:\/\/asaspa.ee\/wp-content\/uploads\/2023\/09\/Asa-spa-batuut-3-300x151.jpg 300w, https:\/\/asaspa.ee\/wp-content\/uploads\/2023\/09\/Asa-spa-batuut-3-1024x516.jpg 1024w, https:\/\/asaspa.ee\/wp-content\/uploads\/2023\/09\/Asa-spa-batuut-3-768x387.jpg 768w, https:\/\/asaspa.ee\/wp-content\/uploads\/2023\/09\/Asa-spa-batuut-3-1536x774.jpg 1536w, https:\/\/asaspa.ee\/wp-content\/uploads\/2023\/09\/Asa-spa-batuut-3-2048x1032.jpg 2048w, https:\/\/asaspa.ee\/wp-content\/uploads\/2023\/09\/Asa-spa-batuut-3-1568x790.jpg 1568w\" sizes=\"auto, (max-width: 2560px) 100vw, 2560px\" \/><\/figure>\n<\/figure>\n<\/div>\n<\/div>\n<\/div>\n<\/div>\n\n\n\n<h2 class=\"wp-block-heading\">Tingimused<\/h2>\n\n\n\n<ul class=\"wp-block-list\">\n<li>Hinnad kehtivad ette broneerides, lisasoodustused hindadele ei kehti <\/li>\n\n\n\n<li>Oma toitude ja jookide kaasa v\u00f5tmine ei ole lubatud (v.a. tort v\u00f5i kringel)<\/li>\n\n\n\n<li>Iga 5 lapse kohta peab olema v\u00e4hemalt 1 vastutav t\u00e4iskasvanu <\/li>\n\n\n\n<li>S\u00fcnnip\u00e4evaliste ohutuse ja turvalisuse eest vastutab t\u00e4ielikult tellija <\/li>\n\n\n\n<li>Veekeskuse s\u00fcnnip\u00e4eva puhul tutvu meie <a href=\"https:\/\/asaspa.ee\/bassein-saunad-jousaal\/\">Hea tavaga<\/a><\/li>\n\n\n\n<li>Palume broneerida v\u00e4hemalt 3 p\u00e4eva enne \u00fcritust<\/li>\n\n\n\n<li>Broneeri <a href=\"mailto:sales@asaspa.ee\">sales@asaspa.ee<\/a><\/li>\n<\/ul>\n\n\n\n<div style=\"height:20px\" aria-hidden=\"true\" class=\"wp-block-spacer\"><\/div>\n","protected":false},"excerpt":{"rendered":"<p>Asa Spa Hotell pakub vahvaid v\u00f5imalusi pidada laste s\u00fcnnip\u00e4evi. Info ja broneerimine +372 452 2120sales@asaspa.ee Veekeskuse s\u00fcnnip\u00e4ev Korralda oma lapsele vahva s\u00fcnnip\u00e4ev Asa Spa Hotelli veekeskuses. Lapsed saavad m\u00f6llata basseinides, lasta pikki liuge liutorus ja n\u00e4ksida maitsvaid sn\u00e4kke spaabaari osas. Laste s\u00fcnnip\u00e4evad Sabba\u00b2 saalis V\u00f5imalus ka rentida suurt saali oma lapse s\u00fcnnip\u00e4evaks ja korraldada p\u00f5nev [&hellip;]<\/p>\n","protected":false},"author":4,"featured_media":0,"parent":0,"menu_order":0,"comment_status":"closed","ping_status":"closed","template":"","meta":{"inline_featured_image":false,"footnotes":""},"class_list":["post-3948","page","type-page","status-publish","hentry"],"yoast_head":"<!-- This site is optimized with the Yoast SEO plugin v27.3 - https:\/\/yoast.com\/product\/yoast-seo-wordpress\/ -->\n<title>Laste s\u00fcnnip\u00e4evad - Asa Spa Hotell<\/title>\n<meta name=\"robots\" content=\"index, follow, max-snippet:-1, max-image-preview:large, max-video-preview:-1\" \/>\n<link rel=\"canonical\" href=\"https:\/\/asaspa.ee\/laste-sunnipaevad\/\" \/>\n<meta property=\"og:locale\" content=\"en_US\" \/>\n<meta property=\"og:type\" content=\"article\" \/>\n<meta property=\"og:title\" content=\"Laste s\u00fcnnip\u00e4evad - Asa Spa Hotell\" \/>\n<meta property=\"og:description\" content=\"Asa Spa Hotell pakub vahvaid v\u00f5imalusi pidada laste s\u00fcnnip\u00e4evi. Info ja broneerimine +372 452 2120sales@asaspa.ee Veekeskuse s\u00fcnnip\u00e4ev Korralda oma lapsele vahva s\u00fcnnip\u00e4ev Asa Spa Hotelli veekeskuses. Lapsed saavad m\u00f6llata basseinides, lasta pikki liuge liutorus ja n\u00e4ksida maitsvaid sn\u00e4kke spaabaari osas. Laste s\u00fcnnip\u00e4evad Sabba\u00b2 saalis V\u00f5imalus ka rentida suurt saali oma lapse s\u00fcnnip\u00e4evaks ja korraldada p\u00f5nev [&hellip;]\" \/>\n<meta property=\"og:url\" content=\"https:\/\/asaspa.ee\/laste-sunnipaevad\/\" \/>\n<meta property=\"og:site_name\" content=\"Asa Spa Hotell\" \/>\n<meta property=\"article:publisher\" content=\"https:\/\/www.facebook.com\/asaspahotel\" \/>\n<meta property=\"article:modified_time\" content=\"2026-03-04T13:41:15+00:00\" \/>\n<meta property=\"og:image\" content=\"https:\/\/asaspa.ee\/wp-content\/uploads\/2021\/10\/spaa0429-scaled.jpg\" \/>\n\t<meta property=\"og:image:width\" content=\"2560\" \/>\n\t<meta property=\"og:image:height\" content=\"1707\" \/>\n\t<meta property=\"og:image:type\" content=\"image\/jpeg\" \/>\n<meta name=\"twitter:card\" content=\"summary_large_image\" \/>\n<meta name=\"twitter:label1\" content=\"Est. reading time\" \/>\n\t<meta name=\"twitter:data1\" content=\"1 minute\" \/>\n<script type=\"application\/ld+json\" class=\"yoast-schema-graph\">{\"@context\":\"https:\\\/\\\/schema.org\",\"@graph\":[{\"@type\":\"WebPage\",\"@id\":\"https:\\\/\\\/asaspa.ee\\\/laste-sunnipaevad\\\/\",\"url\":\"https:\\\/\\\/asaspa.ee\\\/laste-sunnipaevad\\\/\",\"name\":\"Laste s\u00fcnnip\u00e4evad - Asa Spa Hotell\",\"isPartOf\":{\"@id\":\"https:\\\/\\\/asaspa.ee\\\/#website\"},\"primaryImageOfPage\":{\"@id\":\"https:\\\/\\\/asaspa.ee\\\/laste-sunnipaevad\\\/#primaryimage\"},\"image\":{\"@id\":\"https:\\\/\\\/asaspa.ee\\\/laste-sunnipaevad\\\/#primaryimage\"},\"thumbnailUrl\":\"https:\\\/\\\/asaspa.ee\\\/wp-content\\\/uploads\\\/2021\\\/10\\\/spaa0429-scaled.jpg\",\"datePublished\":\"2023-09-25T06:15:47+00:00\",\"dateModified\":\"2026-03-04T13:41:15+00:00\",\"breadcrumb\":{\"@id\":\"https:\\\/\\\/asaspa.ee\\\/laste-sunnipaevad\\\/#breadcrumb\"},\"inLanguage\":\"en-US\",\"potentialAction\":[{\"@type\":\"ReadAction\",\"target\":[\"https:\\\/\\\/asaspa.ee\\\/laste-sunnipaevad\\\/\"]}]},{\"@type\":\"ImageObject\",\"inLanguage\":\"en-US\",\"@id\":\"https:\\\/\\\/asaspa.ee\\\/laste-sunnipaevad\\\/#primaryimage\",\"url\":\"https:\\\/\\\/asaspa.ee\\\/wp-content\\\/uploads\\\/2021\\\/10\\\/spaa0429-scaled.jpg\",\"contentUrl\":\"https:\\\/\\\/asaspa.ee\\\/wp-content\\\/uploads\\\/2021\\\/10\\\/spaa0429-scaled.jpg\"},{\"@type\":\"BreadcrumbList\",\"@id\":\"https:\\\/\\\/asaspa.ee\\\/laste-sunnipaevad\\\/#breadcrumb\",\"itemListElement\":[{\"@type\":\"ListItem\",\"position\":1,\"name\":\"Home\",\"item\":\"https:\\\/\\\/asaspa.ee\\\/en\\\/\"},{\"@type\":\"ListItem\",\"position\":2,\"name\":\"Laste s\u00fcnnip\u00e4evad\"}]},{\"@type\":\"WebSite\",\"@id\":\"https:\\\/\\\/asaspa.ee\\\/#website\",\"url\":\"https:\\\/\\\/asaspa.ee\\\/\",\"name\":\"Asa Spa Hotell\",\"description\":\"Asa Spa Hotell\",\"potentialAction\":[{\"@type\":\"SearchAction\",\"target\":{\"@type\":\"EntryPoint\",\"urlTemplate\":\"https:\\\/\\\/asaspa.ee\\\/?s={search_term_string}\"},\"query-input\":{\"@type\":\"PropertyValueSpecification\",\"valueRequired\":true,\"valueName\":\"search_term_string\"}}],\"inLanguage\":\"en-US\"}]}<\/script>\n<!-- \/ Yoast SEO plugin. -->","yoast_head_json":{"title":"Laste s\u00fcnnip\u00e4evad - Asa Spa Hotell","robots":{"index":"index","follow":"follow","max-snippet":"max-snippet:-1","max-image-preview":"max-image-preview:large","max-video-preview":"max-video-preview:-1"},"canonical":"https:\/\/asaspa.ee\/laste-sunnipaevad\/","og_locale":"en_US","og_type":"article","og_title":"Laste s\u00fcnnip\u00e4evad - Asa Spa Hotell","og_description":"Asa Spa Hotell pakub vahvaid v\u00f5imalusi pidada laste s\u00fcnnip\u00e4evi. Info ja broneerimine +372 452 2120sales@asaspa.ee Veekeskuse s\u00fcnnip\u00e4ev Korralda oma lapsele vahva s\u00fcnnip\u00e4ev Asa Spa Hotelli veekeskuses. Lapsed saavad m\u00f6llata basseinides, lasta pikki liuge liutorus ja n\u00e4ksida maitsvaid sn\u00e4kke spaabaari osas. Laste s\u00fcnnip\u00e4evad Sabba\u00b2 saalis V\u00f5imalus ka rentida suurt saali oma lapse s\u00fcnnip\u00e4evaks ja korraldada p\u00f5nev [&hellip;]","og_url":"https:\/\/asaspa.ee\/laste-sunnipaevad\/","og_site_name":"Asa Spa Hotell","article_publisher":"https:\/\/www.facebook.com\/asaspahotel","article_modified_time":"2026-03-04T13:41:15+00:00","og_image":[{"width":2560,"height":1707,"url":"https:\/\/asaspa.ee\/wp-content\/uploads\/2021\/10\/spaa0429-scaled.jpg","type":"image\/jpeg"}],"twitter_card":"summary_large_image","twitter_misc":{"Est. reading time":"1 minute"},"schema":{"@context":"https:\/\/schema.org","@graph":[{"@type":"WebPage","@id":"https:\/\/asaspa.ee\/laste-sunnipaevad\/","url":"https:\/\/asaspa.ee\/laste-sunnipaevad\/","name":"Laste s\u00fcnnip\u00e4evad - Asa Spa Hotell","isPartOf":{"@id":"https:\/\/asaspa.ee\/#website"},"primaryImageOfPage":{"@id":"https:\/\/asaspa.ee\/laste-sunnipaevad\/#primaryimage"},"image":{"@id":"https:\/\/asaspa.ee\/laste-sunnipaevad\/#primaryimage"},"thumbnailUrl":"https:\/\/asaspa.ee\/wp-content\/uploads\/2021\/10\/spaa0429-scaled.jpg","datePublished":"2023-09-25T06:15:47+00:00","dateModified":"2026-03-04T13:41:15+00:00","breadcrumb":{"@id":"https:\/\/asaspa.ee\/laste-sunnipaevad\/#breadcrumb"},"inLanguage":"en-US","potentialAction":[{"@type":"ReadAction","target":["https:\/\/asaspa.ee\/laste-sunnipaevad\/"]}]},{"@type":"ImageObject","inLanguage":"en-US","@id":"https:\/\/asaspa.ee\/laste-sunnipaevad\/#primaryimage","url":"https:\/\/asaspa.ee\/wp-content\/uploads\/2021\/10\/spaa0429-scaled.jpg","contentUrl":"https:\/\/asaspa.ee\/wp-content\/uploads\/2021\/10\/spaa0429-scaled.jpg"},{"@type":"BreadcrumbList","@id":"https:\/\/asaspa.ee\/laste-sunnipaevad\/#breadcrumb","itemListElement":[{"@type":"ListItem","position":1,"name":"Home","item":"https:\/\/asaspa.ee\/en\/"},{"@type":"ListItem","position":2,"name":"Laste s\u00fcnnip\u00e4evad"}]},{"@type":"WebSite","@id":"https:\/\/asaspa.ee\/#website","url":"https:\/\/asaspa.ee\/","name":"Asa Spa Hotell","description":"Asa Spa Hotell","potentialAction":[{"@type":"SearchAction","target":{"@type":"EntryPoint","urlTemplate":"https:\/\/asaspa.ee\/?s={search_term_string}"},"query-input":{"@type":"PropertyValueSpecification","valueRequired":true,"valueName":"search_term_string"}}],"inLanguage":"en-US"}]}},"_links":{"self":[{"href":"https:\/\/asaspa.ee\/en\/wp-json\/wp\/v2\/pages\/3948","targetHints":{"allow":["GET"]}}],"collection":[{"href":"https:\/\/asaspa.ee\/en\/wp-json\/wp\/v2\/pages"}],"about":[{"href":"https:\/\/asaspa.ee\/en\/wp-json\/wp\/v2\/types\/page"}],"author":[{"embeddable":true,"href":"https:\/\/asaspa.ee\/en\/wp-json\/wp\/v2\/users\/4"}],"replies":[{"embeddable":true,"href":"https:\/\/asaspa.ee\/en\/wp-json\/wp\/v2\/comments?post=3948"}],"version-history":[{"count":36,"href":"https:\/\/asaspa.ee\/en\/wp-json\/wp\/v2\/pages\/3948\/revisions"}],"predecessor-version":[{"id":4637,"href":"https:\/\/asaspa.ee\/en\/wp-json\/wp\/v2\/pages\/3948\/revisions\/4637"}],"wp:attachment":[{"href":"https:\/\/asaspa.ee\/en\/wp-json\/wp\/v2\/media?parent=3948"}],"curies":[{"name":"wp","href":"https:\/\/api.w.org\/{rel}","templated":true}]}}